{"id":100,"date":"2025-02-17T12:41:16","date_gmt":"2025-02-17T12:41:16","guid":{"rendered":"https:\/\/neutrinos.ific.uv.es\/?page_id=100"},"modified":"2025-05-16T14:36:38","modified_gmt":"2025-05-16T14:36:38","slug":"contact","status":"publish","type":"page","link":"https:\/\/neutrinos.ific.uv.es\/index.php\/contact\/","title":{"rendered":"Contact"},"content":{"rendered":"\n<div class=\"wp-block-group alignwide has-global-padding is-layout-constrained wp-container-core-group-is-layout-dfb96d97 wp-block-group-is-layout-constrained\" style=\"margin-top:0;margin-bottom:0;padding-top:var(--wp--preset--spacing--10);padding-right:0;padding-bottom:var(--wp--preset--spacing--10);padding-left:0\">\n<div class=\"wp-block-columns alignwide is-layout-flex wp-container-core-columns-is-layout-1da03c2a wp-block-columns-is-layout-flex\">\n<div class=\"wp-block-column is-vertically-aligned-stretch is-layout-flow wp-block-column-is-layout-flow\" style=\"flex-basis:70%\">\n<div class=\"wp-block-group alignwide is-layout-flow wp-block-group-is-layout-flow\" style=\"margin-top:0;margin-bottom:0;padding-top:var(--wp--preset--spacing--40);padding-right:0;padding-bottom:var(--wp--preset--spacing--40);padding-left:0\">\n<p>Instituto de F\u00edsica Corpuscular | Parque Cient\u00edfico, Catedr\u00e1tico Jos\u00e9 Beltr\u00e1n, 2 | E-46980 Paterna, Espa\u00f1a | TEL: +34 963 543 473<\/p>\n\n\n\n<div class=\"wp-block-buttons alignwide is-layout-flex wp-block-buttons-is-layout-flex\">\n<div class=\"wp-block-button\"><a class=\"wp-block-button__link has-contrast-color has-text-color has-background has-link-color wp-element-button\" href=\"https:\/\/webific.ific.uv.es\/web\/localizacion\" style=\"background-color:#355284\">IFIC location<\/a><\/div>\n<\/div>\n\n\n\n<p><\/p>\n\n\n\n<p class=\"has-text-align-left\" style=\"margin-right:0;margin-left:0;padding-right:0;padding-left:0\">The group PIs are Anselmo Cervera and Michel Sorel. Contact them for general inquieres about the group<\/p>\n\n\n\n<div class=\"wp-block-buttons alignwide is-layout-flex wp-block-buttons-is-layout-flex\">\n<div class=\"wp-block-button\"><a class=\"wp-block-button__link has-contrast-color has-text-color has-background has-link-color wp-element-button\" href=\"mailto:acervera@ific.uv.es,sorel@ific.uv.es?subject='contact from website'\" style=\"background-color:#355284\">Contact<\/a><\/div>\n<\/div>\n\n\n\n<p>Alternatively you could contact the PIs of each of the experiments<\/p>\n\n\n\n<div class=\"wp-block-buttons alignwide is-layout-flex wp-block-buttons-is-layout-flex\">\n<div class=\"wp-block-button\"><a class=\"wp-block-button__link has-contrast-color has-text-color has-background has-link-color wp-element-button\" href=\"mailto:acervera@ific.uv.es?subject='DUNE contact from website'\" style=\"background-color:#355284\">DUNE<\/a><\/div>\n\n\n\n<div class=\"wp-block-button\"><a class=\"wp-block-button__link has-contrast-color has-text-color has-background has-link-color wp-element-button\" href=\"mailto:pau.novella@ific.uv.es?subject='NEXT contact from website'\" style=\"background-color:#355284\">NEXT<\/a><\/div>\n\n\n\n<div class=\"wp-block-button\"><a class=\"wp-block-button__link has-contrast-color has-text-color has-background has-link-color wp-element-button\" href=\"mailto:laura.molina@ific.uv.es?subject='NA64 contact from website'\" style=\"background-color:#355284\">NA64<\/a><\/div>\n\n\n\n<div class=\"wp-block-button\"><a class=\"wp-block-button__link has-contrast-color has-text-color has-background has-link-color wp-element-button\" href=\"mailto:ander.simon@ific.uv.es?subject='COLINA contact from website'\" style=\"background-color:#355284\">COLINA<\/a><\/div>\n<\/div>\n<\/div>\n<\/div>\n\n\n\n<div class=\"wp-block-column is-vertically-aligned-center is-layout-flow wp-block-column-is-layout-flow\" style=\"flex-basis:30%\">\n<figure class=\"wp-block-image size-large\"><a href=\"https:\/\/webific.ific.uv.es\/web\/maps\"><img fetchpriority=\"high\" decoding=\"async\" width=\"920\" height=\"1024\" src=\"https:\/\/neutrinos.ific.uv.es\/wp-content\/uploads\/2025\/05\/imagen-63-920x1024.png\" alt=\"\" class=\"wp-image-2136\" srcset=\"https:\/\/neutrinos.ific.uv.es\/wp-content\/uploads\/2025\/05\/imagen-63-920x1024.png 920w, https:\/\/neutrinos.ific.uv.es\/wp-content\/uploads\/2025\/05\/imagen-63-270x300.png 270w, https:\/\/neutrinos.ific.uv.es\/wp-content\/uploads\/2025\/05\/imagen-63-768x854.png 768w, https:\/\/neutrinos.ific.uv.es\/wp-content\/uploads\/2025\/05\/imagen-63.png 1138w\" sizes=\"(max-width: 920px) 100vw, 920px\" \/><\/a><\/figure>\n<\/div>\n<\/div>\n<\/div>\n","protected":false},"excerpt":{"rendered":"<p>Instituto de F\u00edsica Corpuscular | Parque Cient\u00edfico, Catedr\u00e1tico Jos\u00e9 Beltr\u00e1n, 2 | E-46980 Paterna, Espa\u00f1a | TEL: +34 963 543 473 The group PIs are Anselmo Cervera and Michel Sorel. Contact them for general inquieres about the group Alternatively you could contact the PIs of each of the experiments<\/p>\n","protected":false},"author":2,"featured_media":0,"parent":0,"menu_order":0,"comment_status":"closed","ping_status":"closed","template":"","meta":{"footnotes":""},"class_list":["post-100","page","type-page","status-publish","hentry"],"_links":{"self":[{"href":"https:\/\/neutrinos.ific.uv.es\/index.php\/wp-json\/wp\/v2\/pages\/100","targetHints":{"allow":["GET"]}}],"collection":[{"href":"https:\/\/neutrinos.ific.uv.es\/index.php\/wp-json\/wp\/v2\/pages"}],"about":[{"href":"https:\/\/neutrinos.ific.uv.es\/index.php\/wp-json\/wp\/v2\/types\/page"}],"author":[{"embeddable":true,"href":"https:\/\/neutrinos.ific.uv.es\/index.php\/wp-json\/wp\/v2\/users\/2"}],"replies":[{"embeddable":true,"href":"https:\/\/neutrinos.ific.uv.es\/index.php\/wp-json\/wp\/v2\/comments?post=100"}],"version-history":[{"count":14,"href":"https:\/\/neutrinos.ific.uv.es\/index.php\/wp-json\/wp\/v2\/pages\/100\/revisions"}],"predecessor-version":[{"id":2158,"href":"https:\/\/neutrinos.ific.uv.es\/index.php\/wp-json\/wp\/v2\/pages\/100\/revisions\/2158"}],"wp:attachment":[{"href":"https:\/\/neutrinos.ific.uv.es\/index.php\/wp-json\/wp\/v2\/media?parent=100"}],"curies":[{"name":"wp","href":"https:\/\/api.w.org\/{rel}","templated":true}]}}