{"id":1111,"date":"2025-05-02T12:35:45","date_gmt":"2025-05-02T12:35:45","guid":{"rendered":"https:\/\/neutrinos.ific.uv.es\/?page_id=1111"},"modified":"2026-04-23T11:34:01","modified_gmt":"2026-04-23T11:34:01","slug":"phd-theses-in-our-group","status":"publish","type":"page","link":"https:\/\/neutrinos.ific.uv.es\/index.php\/research\/selected-results\/phd-theses-in-our-group\/","title":{"rendered":"PhD theses in our group"},"content":{"rendered":"\n<div class=\"wp-block-group alignfull is-layout-flow wp-block-group-is-layout-flow\" style=\"min-height:0px;margin-top:0;margin-bottom:0;padding-top:var(--wp--preset--spacing--30);padding-right:var(--wp--preset--spacing--60);padding-bottom:var(--wp--preset--spacing--30);padding-left:var(--wp--preset--spacing--60)\">\n<div class=\"wp-block-group is-layout-flow wp-block-group-is-layout-flow\">\n<div style=\"height:43px\" aria-hidden=\"true\" id=\"DUNE-theses\" class=\"wp-block-spacer\"><\/div>\n\n\n\n<hr class=\"wp-block-separator has-text-color has-accent-5-color has-alpha-channel-opacity has-accent-5-background-color has-background is-style-wide\"\/>\n\n\n\n<h2 class=\"wp-block-heading has-accent-5-color has-text-color has-link-color wp-elements-0d657c1623faef42f6e447ca14cfe76c\"><strong>DUNE<\/strong><\/h2>\n\n\n\n<hr class=\"wp-block-separator has-text-color has-accent-5-color has-alpha-channel-opacity has-accent-5-background-color has-background is-style-wide\" style=\"margin-top:var(--wp--preset--spacing--10);margin-bottom:var(--wp--preset--spacing--10)\"\/>\n\n\n\n<div style=\"height:43px\" aria-hidden=\"true\" class=\"wp-block-spacer\"><\/div>\n<\/div>\n\n\n\n<div class=\"wp-block-group is-vertical is-content-justification-stretch is-layout-flex wp-container-core-group-is-layout-444d5ee8 wp-block-group-is-layout-flex\" style=\"min-height:100%\">\n<h3 class=\"wp-block-heading has-accent-5-color has-text-color has-link-color wp-elements-58982c95617582d4e431c0fe420c653b\" style=\"margin-top:0;margin-bottom:0;padding-top:0;padding-bottom:0;font-size:clamp(1.039rem, 1.039rem + ((1vw - 0.2rem) * 0.935), 1.6rem);\"><strong><a href=\"https:\/\/www.educacion.gob.es\/teseo\/mostrarRef.do?ref=2571330\">Scintillating new physics with the pressurized NDGAr TPC at the DUNE near detector complex<\/a><\/strong><\/h3>\n\n\n\n<p class=\"has-medium-font-size\">Pablo Amedo Mart\u00ednez<br>Date: 02\/12\/2024<br>Directors: Justo Mart\u00edn-Albo, Diego Gonz\u00e1lez<br><\/p>\n<\/div>\n\n\n\n<div class=\"wp-block-group is-vertical is-content-justification-stretch is-layout-flex wp-container-core-group-is-layout-444d5ee8 wp-block-group-is-layout-flex\" style=\"min-height:100%\">\n<h3 class=\"wp-block-heading has-accent-5-color has-text-color has-link-color wp-elements-ad2f28dedd905790baa7d39413c34bdb\" style=\"margin-top:0;margin-bottom:0;padding-top:0;padding-bottom:0;font-size:clamp(1.039rem, 1.039rem + ((1vw - 0.2rem) * 0.935), 1.6rem);\"><strong><a href=\"https:\/\/www.educacion.gob.es\/teseo\/mostrarRef.do?ref=2455344\">K+ Signatures in the ProtoDUNE-SP detector at CERN<\/a><\/strong><\/h3>\n\n\n\n<p class=\"has-medium-font-size\">Miguel \u00c1ngel Garc\u00eda Peris<br>Date: 24\/07\/2023<br>Director: Anselmo Cervera<br><\/p>\n<\/div>\n\n\n\n<div class=\"wp-block-group is-layout-flow wp-block-group-is-layout-flow\">\n<div style=\"height:43px\" aria-hidden=\"true\" id=\"NEXT-theses\" class=\"wp-block-spacer\"><\/div>\n\n\n\n<hr class=\"wp-block-separator has-text-color has-accent-5-color has-alpha-channel-opacity has-accent-5-background-color has-background is-style-wide\"\/>\n\n\n\n<h2 class=\"wp-block-heading has-accent-5-color has-text-color has-link-color wp-elements-7b14e1951c77d1e9dc67284ceee2f623\"><strong>NEXT<\/strong><\/h2>\n\n\n\n<hr class=\"wp-block-separator has-text-color has-accent-5-color has-alpha-channel-opacity has-accent-5-background-color has-background is-style-wide\" style=\"margin-top:var(--wp--preset--spacing--10);margin-bottom:var(--wp--preset--spacing--10)\"\/>\n\n\n\n<div style=\"height:43px\" aria-hidden=\"true\" class=\"wp-block-spacer\"><\/div>\n<\/div>\n\n\n\n<div class=\"wp-block-group is-vertical is-content-justification-stretch is-layout-flex wp-container-core-group-is-layout-444d5ee8 wp-block-group-is-layout-flex\" style=\"min-height:100%\">\n<h3 class=\"wp-block-heading has-accent-5-color has-text-color has-link-color wp-elements-fa62e247f5af9e4664e9e30907aefcb2\" style=\"margin-top:0;margin-bottom:0;padding-top:0;padding-bottom:0;font-size:clamp(1.039rem, 1.039rem + ((1vw - 0.2rem) * 0.935), 1.6rem);\"><strong><a href=\"https:\/\/aplicaciones.ciencia.gob.es\/teseo\/#\/tesis\/318530\/detalle\">Operation and construction of the NEXT-100 detector<\/a><\/strong><\/h3>\n\n\n\n<p class=\"has-medium-font-size\">Myriam Martinez Vara<br>Date: 19\/12\/2025<br>Directors: Justo Mart\u00edn-Albo, Michel Sorel<br><\/p>\n<\/div>\n\n\n\n<div class=\"wp-block-group is-vertical is-content-justification-stretch is-layout-flex wp-container-core-group-is-layout-444d5ee8 wp-block-group-is-layout-flex\" style=\"min-height:100%\">\n<h3 class=\"wp-block-heading has-accent-5-color has-text-color has-link-color wp-elements-5730785ab91fbbe2825685b0a73283a6\" style=\"margin-top:0;margin-bottom:0;padding-top:0;padding-bottom:0;font-size:clamp(1.039rem, 1.039rem + ((1vw - 0.2rem) * 0.935), 1.6rem);\"><strong><a href=\"https:\/\/www.educacion.gob.es\/teseo\/mostrarRef.do?ref=2453028\">Measurement of the Xe-136 two-neutrino double beta decay half-life with the NEXT-White detector<\/a><\/strong><\/h3>\n\n\n\n<p class=\"has-medium-font-size\">Alberto Us\u00f3n Andr\u00e9s<br>Date: 26\/06\/2023<br>Directors: Pau Novella, Michel Sorel<br><\/p>\n<\/div>\n\n\n\n<div class=\"wp-block-group is-vertical is-content-justification-stretch is-layout-flex wp-container-core-group-is-layout-444d5ee8 wp-block-group-is-layout-flex\" style=\"min-height:100%\">\n<h3 class=\"wp-block-heading has-accent-5-color has-text-color has-link-color wp-elements-ea698b274c36419e5ce12268fe42b0a9\" style=\"margin-top:0;margin-bottom:0;padding-top:0;padding-bottom:0;font-size:clamp(1.039rem, 1.039rem + ((1vw - 0.2rem) * 0.935), 1.6rem);\"><strong><a href=\"https:\/\/www.educacion.gob.es\/teseo\/mostrarRef.do?ref=2207079\">Development of low-diffusion techniques for a high pressure xenon electroluminescent TPC<\/a><\/strong><\/h3>\n\n\n\n<p class=\"has-medium-font-size\">Ryan Felkai<br>Date: 22\/07\/2022<br>Directors: Neus L\u00f3pez, Francesc Monrabal<br><\/p>\n<\/div>\n\n\n\n<div class=\"wp-block-group is-vertical is-content-justification-stretch is-layout-flex wp-container-core-group-is-layout-444d5ee8 wp-block-group-is-layout-flex\" style=\"min-height:100%\">\n<h3 class=\"wp-block-heading has-accent-5-color has-text-color has-link-color wp-elements-9230065a720b8d3b334892252e15f3d9\" style=\"margin-top:0;margin-bottom:0;padding-top:0;padding-bottom:0;font-size:clamp(1.039rem, 1.039rem + ((1vw - 0.2rem) * 0.935), 1.6rem);\"><strong><a href=\"https:\/\/www.educacion.gob.es\/teseo\/mostrarRef.do?ref=2149527\">Low energy calibration, continuous monitoring, and background studies for the NEXT-White detector at the LSC<\/a><\/strong><\/h3>\n\n\n\n<p class=\"has-medium-font-size\">Brais Palmeiro Pazos<br>Date: 18\/05\/2022<br>Directors: Michel Sorel, Jose \u00c1ngel Hernando<br><\/p>\n<\/div>\n\n\n\n<div class=\"wp-block-group is-vertical is-content-justification-stretch is-layout-flex wp-container-core-group-is-layout-444d5ee8 wp-block-group-is-layout-flex\" style=\"min-height:100%\">\n<h3 class=\"wp-block-heading has-accent-5-color has-text-color has-link-color wp-elements-2a023dc2cff7ec090a9297d50adb2f60\" style=\"margin-top:0;margin-bottom:0;padding-top:0;padding-bottom:0;font-size:clamp(1.039rem, 1.039rem + ((1vw - 0.2rem) * 0.935), 1.6rem);\"><strong><a href=\"https:\/\/www.educacion.gob.es\/teseo\/mostrarRef.do?ref=1524393\">Calibration and background model of the new detector at the LSC<\/a><\/strong><\/h3>\n\n\n\n<p class=\"has-medium-font-size\">Miquel Nebot Guinot<br>Date: 27\/09\/2017<br>Directors: Justo Mart\u00edn-Albo, Juan Jos\u00e9 G\u00f3mez<br><\/p>\n<\/div>\n\n\n\n<div class=\"wp-block-group is-layout-flow wp-block-group-is-layout-flow\">\n<div style=\"height:43px\" aria-hidden=\"true\" id=\"NA64-theses\" class=\"wp-block-spacer\"><\/div>\n\n\n\n<hr class=\"wp-block-separator has-text-color has-accent-5-color has-alpha-channel-opacity has-accent-5-background-color has-background is-style-wide\"\/>\n\n\n\n<h2 class=\"wp-block-heading has-accent-5-color has-text-color has-link-color wp-elements-e6032098f15aef2780f9db8390a4225a\"><strong>NA64<\/strong><\/h2>\n\n\n\n<hr class=\"wp-block-separator has-text-color has-accent-5-color has-alpha-channel-opacity has-accent-5-background-color has-background is-style-wide\" style=\"margin-top:var(--wp--preset--spacing--10);margin-bottom:var(--wp--preset--spacing--10)\"\/>\n\n\n\n<div style=\"height:43px\" aria-hidden=\"true\" class=\"wp-block-spacer\"><\/div>\n<\/div>\n\n\n\n<div class=\"wp-block-group is-vertical is-content-justification-stretch is-layout-flex wp-container-core-group-is-layout-444d5ee8 wp-block-group-is-layout-flex\" style=\"min-height:100%\">\n<h3 class=\"wp-block-heading has-accent-5-color has-text-color has-link-color wp-elements-45a993c49efb167d59a53e1247472ddc\" style=\"margin-top:0;margin-bottom:0;padding-top:0;padding-bottom:0;font-size:clamp(1.039rem, 1.039rem + ((1vw - 0.2rem) * 0.935), 1.6rem);\"><a href=\"https:\/\/inspirehep.net\/literature\/2784218\"><strong>Dark Sector Searches Weakly Coupled to Muons with the NA64 Experiment at CERN<\/strong><\/a><\/h3>\n\n\n\n<p class=\"has-medium-font-size\">Henri Hugo Sieber<br>Date: 2024<br>Directors: Laura Molina, Paolo Crivelli<br><\/p>\n<\/div>\n\n\n\n<div class=\"wp-block-group is-layout-flow wp-block-group-is-layout-flow\">\n<div style=\"height:43px\" aria-hidden=\"true\" class=\"wp-block-spacer\"><\/div>\n\n\n\n<hr class=\"wp-block-separator has-text-color has-accent-5-color has-alpha-channel-opacity has-accent-5-background-color has-background is-style-wide\"\/>\n\n\n\n<h2 class=\"wp-block-heading has-accent-5-color has-text-color has-link-color wp-elements-07884f25180b58b1b00d0b857ece3f97\"><strong>Neutrino phenomenology<\/strong><\/h2>\n\n\n\n<hr class=\"wp-block-separator has-text-color has-accent-5-color has-alpha-channel-opacity has-accent-5-background-color has-background is-style-wide\" style=\"margin-top:var(--wp--preset--spacing--10);margin-bottom:var(--wp--preset--spacing--10)\"\/>\n\n\n\n<div style=\"height:43px\" aria-hidden=\"true\" class=\"wp-block-spacer\"><\/div>\n<\/div>\n\n\n\n<div class=\"wp-block-group is-vertical is-content-justification-stretch is-layout-flex wp-container-core-group-is-layout-444d5ee8 wp-block-group-is-layout-flex\" style=\"min-height:100%\">\n<h3 class=\"wp-block-heading has-accent-5-color has-text-color has-link-color wp-elements-ccfd73225bb1dbb0393fef296a9f8218\" style=\"margin-top:0;margin-bottom:0;padding-top:0;padding-bottom:0;font-size:clamp(1.039rem, 1.039rem + ((1vw - 0.2rem) * 0.935), 1.6rem);\"><strong><a href=\"https:\/\/www.educacion.gob.es\/teseo\/mostrarRef.do?ref=2552001\">Probing neutrino physics with supernovae and rare decay searches<\/a><\/strong><\/h3>\n\n\n\n<p class=\"has-medium-font-size\">Federica Pompa<br>Date: 14\/10\/2024<br>Director: Michel Sorel, Olga Mena<br><\/p>\n<\/div>\n\n\n\n<div class=\"wp-block-group is-layout-flow wp-block-group-is-layout-flow\">\n<div style=\"height:43px\" aria-hidden=\"true\" id=\"T2K-theses\" class=\"wp-block-spacer\"><\/div>\n\n\n\n<hr class=\"wp-block-separator has-text-color has-accent-5-color has-alpha-channel-opacity has-accent-5-background-color has-background is-style-wide\"\/>\n\n\n\n<h2 class=\"wp-block-heading has-accent-5-color has-text-color has-link-color wp-elements-1470840b18df85dc2d08195b5d893e7d\"><strong>T2K<\/strong><\/h2>\n\n\n\n<hr class=\"wp-block-separator has-text-color has-accent-5-color has-alpha-channel-opacity has-accent-5-background-color has-background is-style-wide\" style=\"margin-top:var(--wp--preset--spacing--10);margin-bottom:var(--wp--preset--spacing--10)\"\/>\n\n\n\n<div style=\"height:43px\" aria-hidden=\"true\" class=\"wp-block-spacer\"><\/div>\n<\/div>\n\n\n\n<div class=\"wp-block-group is-vertical is-content-justification-stretch is-layout-flex wp-container-core-group-is-layout-444d5ee8 wp-block-group-is-layout-flex\" style=\"min-height:100%\">\n<h3 class=\"wp-block-heading has-accent-5-color has-text-color has-link-color wp-elements-884e8a7a72b88d95a4374afda6b0dd3d\" style=\"margin-top:0;margin-bottom:0;padding-top:0;padding-bottom:0;font-size:clamp(1.039rem, 1.039rem + ((1vw - 0.2rem) * 0.935), 1.6rem);\"><strong><a href=\"https:\/\/www.educacion.gob.es\/teseo\/mostrarRef.do?ref=2458014\">Joint analysis of neutrino oscillations using data from T2K and reactor experiments<\/a><\/strong><\/h3>\n\n\n\n<p class=\"has-medium-font-size\">Maria Antonova<br>Date: 16\/10\/2023<br>Directors: Anselmo Cervera, Pau Novella<br><\/p>\n<\/div>\n\n\n\n<div class=\"wp-block-group is-vertical is-content-justification-stretch is-layout-flex wp-container-core-group-is-layout-444d5ee8 wp-block-group-is-layout-flex\" style=\"min-height:100%\">\n<h3 class=\"wp-block-heading has-accent-5-color has-text-color has-link-color wp-elements-5e3c6593cd9b18c45322a98d0d2dbc43\" style=\"margin-top:0;margin-bottom:0;padding-top:0;padding-bottom:0;font-size:clamp(1.039rem, 1.039rem + ((1vw - 0.2rem) * 0.935), 1.6rem);\"><strong><a href=\"https:\/\/www.educacion.gob.es\/teseo\/mostrarRef.do?ref=1185684\">Muon neutrino charged current quasi-elastic interactions in the T2K off-axis near detector<\/a><\/strong><\/h3>\n\n\n\n<p class=\"has-medium-font-size\">Laura Monfregola<br>Date: 27\/10\/2015<br>Director: Anselmo Cervera<br><\/p>\n<\/div>\n\n\n\n<div class=\"wp-block-group is-vertical is-content-justification-stretch is-layout-flex wp-container-core-group-is-layout-444d5ee8 wp-block-group-is-layout-flex\" style=\"min-height:100%\">\n<h3 class=\"wp-block-heading has-accent-5-color has-text-color has-link-color wp-elements-4659936e43ea5572ddb75951464225e0\" style=\"margin-top:0;margin-bottom:0;padding-top:0;padding-bottom:0;font-size:clamp(1.039rem, 1.039rem + ((1vw - 0.2rem) * 0.935), 1.6rem);\"><strong><a href=\"https:\/\/www.educacion.gob.es\/teseo\/mostrarRef.do?ref=1127382#\">Joint Analysis of Three Flavour Neutrino Oscillations Combining the nu_e Appearance and nu_mu Disappearance Channels in the T2K Experiment<\/a><\/strong><\/h3>\n\n\n\n<p class=\"has-medium-font-size\">Lorena Escudero S\u00e1nchez<br>Date: 12\/12\/2014<br>Directors: Anselmo Cervera, Konstantinos Andreopoulos<br><\/p>\n<\/div>\n\n\n\n<div class=\"wp-block-group is-layout-flow wp-block-group-is-layout-flow\">\n<div style=\"height:43px\" aria-hidden=\"true\" class=\"wp-block-spacer\"><\/div>\n\n\n\n<hr class=\"wp-block-separator has-text-color has-accent-5-color has-alpha-channel-opacity has-accent-5-background-color has-background is-style-wide\"\/>\n\n\n\n<h2 class=\"wp-block-heading has-accent-5-color has-text-color has-link-color wp-elements-54694270b09d68812a324183a6dbeb5f\"><strong>TRITIUM<\/strong><\/h2>\n\n\n\n<hr class=\"wp-block-separator has-text-color has-accent-5-color has-alpha-channel-opacity has-accent-5-background-color has-background is-style-wide\" style=\"margin-top:var(--wp--preset--spacing--10);margin-bottom:var(--wp--preset--spacing--10)\"\/>\n\n\n\n<div style=\"height:43px\" aria-hidden=\"true\" class=\"wp-block-spacer\"><\/div>\n<\/div>\n\n\n\n<div class=\"wp-block-group is-vertical is-content-justification-stretch is-layout-flex wp-container-core-group-is-layout-444d5ee8 wp-block-group-is-layout-flex\" style=\"min-height:100%\">\n<h3 class=\"wp-block-heading has-accent-5-color has-text-color has-link-color wp-elements-c41da22c9c19fe3f22fe02f165daa0c0\" style=\"margin-top:0;margin-bottom:0;padding-top:0;padding-bottom:0;font-size:clamp(1.039rem, 1.039rem + ((1vw - 0.2rem) * 0.935), 1.6rem);\"><strong><a href=\"https:\/\/www.educacion.gob.es\/teseo\/mostrarRef.do?ref=2255088\">TRITIUM: Design, construction and commissioning of an in-water tritium detector<\/a><\/strong><\/h3>\n\n\n\n<p class=\"has-medium-font-size\">Marcos Mart\u00ednez Roig<br>Date: 11\/11\/2022<br>Directors: Nadia Yahlali, Jos\u00e9 D\u00edaz<br><\/p>\n<\/div>\n\n\n\n<div class=\"wp-block-group is-layout-flow wp-block-group-is-layout-flow\">\n<div style=\"height:43px\" aria-hidden=\"true\" class=\"wp-block-spacer\"><\/div>\n\n\n\n<hr class=\"wp-block-separator has-text-color has-accent-5-color has-alpha-channel-opacity has-accent-5-background-color has-background is-style-wide\"\/>\n\n\n\n<h2 class=\"wp-block-heading has-accent-5-color has-text-color has-link-color wp-elements-fade97e22bf9cf280490966601426aba\"><strong>SciBooNE<\/strong><\/h2>\n\n\n\n<hr class=\"wp-block-separator has-text-color has-accent-5-color has-alpha-channel-opacity has-accent-5-background-color has-background is-style-wide\" style=\"margin-top:var(--wp--preset--spacing--10);margin-bottom:var(--wp--preset--spacing--10)\"\/>\n\n\n\n<div style=\"height:43px\" aria-hidden=\"true\" class=\"wp-block-spacer\"><\/div>\n<\/div>\n\n\n\n<div class=\"wp-block-group is-vertical is-content-justification-stretch is-layout-flex wp-container-core-group-is-layout-444d5ee8 wp-block-group-is-layout-flex\" style=\"min-height:100%\">\n<h3 class=\"wp-block-heading has-accent-5-color has-text-color has-link-color wp-elements-832b65f4c2c2fbfdb8ba04824ab99caa\" style=\"margin-top:0;margin-bottom:0;padding-top:0;padding-bottom:0;font-size:clamp(1.039rem, 1.039rem + ((1vw - 0.2rem) * 0.935), 1.6rem);\"><strong><a href=\"https:\/\/www.educacion.gob.es\/teseo\/mostrarRef.do?ref=1073085\">Measurement of neutrino induced charged current neutral pion production cross section at SciBooNE<\/a><\/strong><\/h3>\n\n\n\n<p class=\"has-medium-font-size\">Joan Catal\u00e1 P\u00e9rez<br>Date: 10\/02\/2014<br>Directors: Michel Sorel, Juan Jos\u00e9 G\u00f3mez<br><\/p>\n<\/div>\n\n\n\n<div class=\"wp-block-group is-layout-flow wp-block-group-is-layout-flow\">\n<div style=\"height:43px\" aria-hidden=\"true\" class=\"wp-block-spacer\"><\/div>\n\n\n\n<hr class=\"wp-block-separator has-text-color has-accent-5-color has-alpha-channel-opacity has-accent-5-background-color has-background is-style-wide\"\/>\n\n\n\n<h2 class=\"wp-block-heading has-accent-5-color has-text-color has-link-color wp-elements-e36196e9bdf92fd68e2198b669f0791b\"><strong>K2K<\/strong><\/h2>\n\n\n\n<hr class=\"wp-block-separator has-text-color has-accent-5-color has-alpha-channel-opacity has-accent-5-background-color has-background is-style-wide\" style=\"margin-top:var(--wp--preset--spacing--10);margin-bottom:var(--wp--preset--spacing--10)\"\/>\n\n\n\n<div style=\"height:43px\" aria-hidden=\"true\" class=\"wp-block-spacer\"><\/div>\n<\/div>\n\n\n\n<div class=\"wp-block-group is-vertical is-content-justification-stretch is-layout-flex wp-container-core-group-is-layout-444d5ee8 wp-block-group-is-layout-flex\" style=\"min-height:100%\">\n<h3 class=\"wp-block-heading has-accent-5-color has-text-color has-link-color wp-elements-b058c3b096292ca707b3ada3059e8fb1\" style=\"margin-top:0;margin-bottom:0;padding-top:0;padding-bottom:0;font-size:clamp(1.039rem, 1.039rem + ((1vw - 0.2rem) * 0.935), 1.6rem);\"><strong><a href=\"https:\/\/www.educacion.gob.es\/teseo\/mostrarRef.do?ref=779346\">Study of neutral pion production via neutrino-induced, charged-current interactions in te k2k scibar detector<\/a><\/strong><\/h3>\n\n\n\n<p class=\"has-medium-font-size\">Ana Mar\u00eda Tornero L\u00f3pez<br>Date: 02\/07\/2008<br>Directors: Michel Sorel, Juan Jos\u00e9 G\u00f3mez<br><\/p>\n<\/div>\n\n\n\n<div class=\"wp-block-group is-layout-flow wp-block-group-is-layout-flow\">\n<div style=\"height:43px\" aria-hidden=\"true\" class=\"wp-block-spacer\"><\/div>\n\n\n\n<hr class=\"wp-block-separator has-text-color has-accent-5-color has-alpha-channel-opacity has-accent-5-background-color has-background is-style-wide\"\/>\n\n\n\n<h2 class=\"wp-block-heading has-accent-5-color has-text-color has-link-color wp-elements-0a07a9f9cb593a7c932024e3ae0e312d\"><strong>HARP<\/strong><\/h2>\n\n\n\n<hr class=\"wp-block-separator has-text-color has-accent-5-color has-alpha-channel-opacity has-accent-5-background-color has-background is-style-wide\" style=\"margin-top:var(--wp--preset--spacing--10);margin-bottom:var(--wp--preset--spacing--10)\"\/>\n\n\n\n<div style=\"height:43px\" aria-hidden=\"true\" class=\"wp-block-spacer\"><\/div>\n<\/div>\n\n\n\n<div class=\"wp-block-group is-vertical is-content-justification-stretch is-layout-flex wp-container-core-group-is-layout-444d5ee8 wp-block-group-is-layout-flex\" style=\"min-height:100%\">\n<h3 class=\"wp-block-heading has-accent-5-color has-text-color has-link-color wp-elements-0042e85ba35e9cee6790226c102276a9\" style=\"margin-top:0;margin-bottom:0;padding-top:0;padding-bottom:0;font-size:clamp(1.039rem, 1.039rem + ((1vw - 0.2rem) * 0.935), 1.6rem);\"><strong><a href=\"https:\/\/cds.cern.ch\/record\/2012582?ln=es\">Extraction of kaon production cross-sections in HARP<\/a><\/strong><\/h3>\n\n\n\n<p class=\"has-medium-font-size\">Rapha\u00ebl Schroeter<br>Date: 2011<br>Directors: Anselmo Cervera, Alain Blondel<br><\/p>\n<\/div>\n<\/div>\n","protected":false},"excerpt":{"rendered":"<p>DUNE Scintillating new physics with the pressurized NDGAr TPC at the DUNE near detector complex Pablo Amedo Mart\u00ednezDate: 02\/12\/2024Directors: Justo Mart\u00edn-Albo, Diego Gonz\u00e1lez K+ Signatures in the ProtoDUNE-SP detector at CERN Miguel \u00c1ngel Garc\u00eda PerisDate: 24\/07\/2023Director: Anselmo Cervera NEXT Operation and construction of the NEXT-100 detector Myriam Martinez VaraDate: 19\/12\/2025Directors: Justo Mart\u00edn-Albo, Michel Sorel Measurement [&hellip;]<\/p>\n","protected":false},"author":2,"featured_media":2308,"parent":429,"menu_order":0,"comment_status":"closed","ping_status":"closed","template":"","meta":{"footnotes":""},"class_list":["post-1111","page","type-page","status-publish","has-post-thumbnail","hentry"],"_links":{"self":[{"href":"https:\/\/neutrinos.ific.uv.es\/index.php\/wp-json\/wp\/v2\/pages\/1111","targetHints":{"allow":["GET"]}}],"collection":[{"href":"https:\/\/neutrinos.ific.uv.es\/index.php\/wp-json\/wp\/v2\/pages"}],"about":[{"href":"https:\/\/neutrinos.ific.uv.es\/index.php\/wp-json\/wp\/v2\/types\/page"}],"author":[{"embeddable":true,"href":"https:\/\/neutrinos.ific.uv.es\/index.php\/wp-json\/wp\/v2\/users\/2"}],"replies":[{"embeddable":true,"href":"https:\/\/neutrinos.ific.uv.es\/index.php\/wp-json\/wp\/v2\/comments?post=1111"}],"version-history":[{"count":42,"href":"https:\/\/neutrinos.ific.uv.es\/index.php\/wp-json\/wp\/v2\/pages\/1111\/revisions"}],"predecessor-version":[{"id":2558,"href":"https:\/\/neutrinos.ific.uv.es\/index.php\/wp-json\/wp\/v2\/pages\/1111\/revisions\/2558"}],"up":[{"embeddable":true,"href":"https:\/\/neutrinos.ific.uv.es\/index.php\/wp-json\/wp\/v2\/pages\/429"}],"wp:featuredmedia":[{"embeddable":true,"href":"https:\/\/neutrinos.ific.uv.es\/index.php\/wp-json\/wp\/v2\/media\/2308"}],"wp:attachment":[{"href":"https:\/\/neutrinos.ific.uv.es\/index.php\/wp-json\/wp\/v2\/media?parent=1111"}],"curies":[{"name":"wp","href":"https:\/\/api.w.org\/{rel}","templated":true}]}}