{"id":117,"date":"2025-02-17T14:15:30","date_gmt":"2025-02-17T14:15:30","guid":{"rendered":"https:\/\/neutrinos.ific.uv.es\/?page_id=117"},"modified":"2025-05-20T10:05:09","modified_gmt":"2025-05-20T10:05:09","slug":"our-institute","status":"publish","type":"page","link":"https:\/\/neutrinos.ific.uv.es\/index.php\/about\/our-institute\/","title":{"rendered":"Our institute"},"content":{"rendered":"\n<div class=\"wp-block-group alignwide is-layout-flow wp-block-group-is-layout-flow\" style=\"margin-top:0;margin-bottom:0;padding-top:var(--wp--preset--spacing--30);padding-right:0;padding-bottom:var(--wp--preset--spacing--30);padding-left:0\">\n<div class=\"wp-block-columns alignwide is-layout-flex wp-container-core-columns-is-layout-1da03c2a wp-block-columns-is-layout-flex\">\n<div class=\"wp-block-column is-vertically-aligned-stretch is-layout-flow wp-block-column-is-layout-flow\" style=\"flex-basis:50%\">\n<p><strong>IFIC<\/strong> (<strong>Instituto de F\u00edsica Corpuscular<\/strong>) is the oldest (from 1950) and largest particle physics institute in Spain. Located in\u00a0<strong>Valencia, <\/strong> it is a joint research institute of the\u00a0<strong>Spanish National Research Council (CSIC)<\/strong>\u00a0and the\u00a0<strong>University of Valencia (Universitat de Val\u00e8ncia &#8211; UV)<\/strong>.<\/p>\n\n\n\n<p>IFIC is situated within the&nbsp;<strong>Parc Cient\u00edfic de la Universitat de Val\u00e8ncia<\/strong>, a science and technology park that hosts multiple research institutes and fosters collaboration between academia and industry.<\/p>\n\n\n\n<div class=\"wp-block-buttons alignwide is-layout-flex wp-block-buttons-is-layout-flex\">\n<div class=\"wp-block-button\"><a class=\"wp-block-button__link has-contrast-color has-text-color has-background has-link-color wp-element-button\" href=\"http:\/\/ific.uv.es\" style=\"background-color:#355284\">IFIC web site<\/a><\/div>\n<\/div>\n<\/div>\n\n\n\n<div class=\"wp-block-column is-vertically-aligned-center is-layout-flow wp-block-column-is-layout-flow\" style=\"flex-basis:50%\">\n<figure class=\"wp-block-image size-large is-style-rounded is-style-rounded--1\"><img fetchpriority=\"high\" decoding=\"async\" width=\"1024\" height=\"683\" src=\"https:\/\/neutrinos.ific.uv.es\/wp-content\/uploads\/2025\/02\/Pcuv8-1-1024x683.jpg\" alt=\"\" class=\"wp-image-195\" style=\"aspect-ratio:1.7777777777777777;object-fit:cover\" srcset=\"https:\/\/neutrinos.ific.uv.es\/wp-content\/uploads\/2025\/02\/Pcuv8-1-1024x683.jpg 1024w, https:\/\/neutrinos.ific.uv.es\/wp-content\/uploads\/2025\/02\/Pcuv8-1-300x200.jpg 300w, https:\/\/neutrinos.ific.uv.es\/wp-content\/uploads\/2025\/02\/Pcuv8-1-768x513.jpg 768w, https:\/\/neutrinos.ific.uv.es\/wp-content\/uploads\/2025\/02\/Pcuv8-1.jpg 1272w\" sizes=\"(max-width: 1024px) 100vw, 1024px\" \/><\/figure>\n<\/div>\n<\/div>\n<\/div>\n","protected":false},"excerpt":{"rendered":"<p>IFIC (Instituto de F\u00edsica Corpuscular) is the oldest (from 1950) and largest particle physics institute in Spain. Located in\u00a0Valencia, it is a joint research institute of the\u00a0Spanish National Research Council (CSIC)\u00a0and the\u00a0University of Valencia (Universitat de Val\u00e8ncia &#8211; UV). IFIC is situated within the&nbsp;Parc Cient\u00edfic de la Universitat de Val\u00e8ncia, a science and technology park [&hellip;]<\/p>\n","protected":false},"author":2,"featured_media":2139,"parent":104,"menu_order":0,"comment_status":"closed","ping_status":"closed","template":"","meta":{"footnotes":""},"class_list":["post-117","page","type-page","status-publish","has-post-thumbnail","hentry"],"_links":{"self":[{"href":"https:\/\/neutrinos.ific.uv.es\/index.php\/wp-json\/wp\/v2\/pages\/117","targetHints":{"allow":["GET"]}}],"collection":[{"href":"https:\/\/neutrinos.ific.uv.es\/index.php\/wp-json\/wp\/v2\/pages"}],"about":[{"href":"https:\/\/neutrinos.ific.uv.es\/index.php\/wp-json\/wp\/v2\/types\/page"}],"author":[{"embeddable":true,"href":"https:\/\/neutrinos.ific.uv.es\/index.php\/wp-json\/wp\/v2\/users\/2"}],"replies":[{"embeddable":true,"href":"https:\/\/neutrinos.ific.uv.es\/index.php\/wp-json\/wp\/v2\/comments?post=117"}],"version-history":[{"count":18,"href":"https:\/\/neutrinos.ific.uv.es\/index.php\/wp-json\/wp\/v2\/pages\/117\/revisions"}],"predecessor-version":[{"id":2170,"href":"https:\/\/neutrinos.ific.uv.es\/index.php\/wp-json\/wp\/v2\/pages\/117\/revisions\/2170"}],"up":[{"embeddable":true,"href":"https:\/\/neutrinos.ific.uv.es\/index.php\/wp-json\/wp\/v2\/pages\/104"}],"wp:featuredmedia":[{"embeddable":true,"href":"https:\/\/neutrinos.ific.uv.es\/index.php\/wp-json\/wp\/v2\/media\/2139"}],"wp:attachment":[{"href":"https:\/\/neutrinos.ific.uv.es\/index.php\/wp-json\/wp\/v2\/media?parent=117"}],"curies":[{"name":"wp","href":"https:\/\/api.w.org\/{rel}","templated":true}]}}